{"id":2581,"date":"2023-02-16T08:54:37","date_gmt":"2023-02-16T08:54:37","guid":{"rendered":"http:\/\/demo2.eaglemedia.fi\/?page_id=2581"},"modified":"2024-02-16T11:35:00","modified_gmt":"2024-02-16T11:35:00","slug":"foretaget","status":"publish","type":"page","link":"https:\/\/tara.fi\/sv\/foretaget\/","title":{"rendered":"F\u00f6retaget"},"content":{"rendered":"\t\t<div data-elementor-type=\"wp-page\" data-elementor-id=\"2581\" class=\"elementor elementor-2581\" data-elementor-post-type=\"page\">\n\t\t\t\t\t\t<section class=\"elementor-section elementor-top-section elementor-element elementor-element-5c6d24e elementor-section-boxed elementor-section-height-default elementor-section-height-default\" data-id=\"5c6d24e\" data-element_type=\"section\" data-e-type=\"section\" data-settings=\"{&quot;background_background&quot;:&quot;classic&quot;}\">\n\t\t\t\t\t\t<div class=\"elementor-container elementor-column-gap-default\">\n\t\t\t\t\t<div class=\"elementor-column elementor-col-100 elementor-top-column elementor-element elementor-element-0a30d3d\" data-id=\"0a30d3d\" data-element_type=\"column\" data-e-type=\"column\">\n\t\t\t<div class=\"elementor-widget-wrap elementor-element-populated\">\n\t\t\t\t\t\t<div class=\"elementor-element elementor-element-f6a1854 elementor-widget elementor-widget-spacer\" data-id=\"f6a1854\" data-element_type=\"widget\" data-e-type=\"widget\" data-widget_type=\"spacer.default\">\n\t\t\t\t<div class=\"elementor-widget-container\">\n\t\t\t\t\t\t\t<div class=\"elementor-spacer\">\n\t\t\t<div class=\"elementor-spacer-inner\"><\/div>\n\t\t<\/div>\n\t\t\t\t\t\t<\/div>\n\t\t\t\t<\/div>\n\t\t\t\t<div class=\"elementor-element elementor-element-0cbf4be elementor-widget elementor-widget-heading\" data-id=\"0cbf4be\" data-element_type=\"widget\" data-e-type=\"widget\" data-widget_type=\"heading.default\">\n\t\t\t\t<div class=\"elementor-widget-container\">\n\t\t\t\t\t<h2 class=\"elementor-heading-title elementor-size-default\">F\u00d6RETAGET<\/h2>\t\t\t\t<\/div>\n\t\t\t\t<\/div>\n\t\t\t\t<div class=\"elementor-element elementor-element-029acbf elementor-widget elementor-widget-heading\" data-id=\"029acbf\" data-element_type=\"widget\" data-e-type=\"widget\" data-widget_type=\"heading.default\">\n\t\t\t\t<div class=\"elementor-widget-container\">\n\t\t\t\t\t<h2 class=\"elementor-heading-title elementor-size-default\">Om f\u00f6retaget och styrelsen<\/h2>\t\t\t\t<\/div>\n\t\t\t\t<\/div>\n\t\t\t\t<div class=\"elementor-element elementor-element-fd4305e elementor-view-default elementor-widget elementor-widget-icon\" data-id=\"fd4305e\" data-element_type=\"widget\" data-e-type=\"widget\" data-widget_type=\"icon.default\">\n\t\t\t\t<div class=\"elementor-widget-container\">\n\t\t\t\t\t\t\t<div class=\"elementor-icon-wrapper\">\n\t\t\t<a class=\"elementor-icon\" href=\"#alku\">\n\t\t\t<i aria-hidden=\"true\" class=\"fas fa-arrow-down\"><\/i>\t\t\t<\/a>\n\t\t<\/div>\n\t\t\t\t\t\t<\/div>\n\t\t\t\t<\/div>\n\t\t\t\t<div class=\"elementor-element elementor-element-96ba1ad elementor-widget elementor-widget-spacer\" data-id=\"96ba1ad\" data-element_type=\"widget\" data-e-type=\"widget\" data-widget_type=\"spacer.default\">\n\t\t\t\t<div class=\"elementor-widget-container\">\n\t\t\t\t\t\t\t<div class=\"elementor-spacer\">\n\t\t\t<div class=\"elementor-spacer-inner\"><\/div>\n\t\t<\/div>\n\t\t\t\t\t\t<\/div>\n\t\t\t\t<\/div>\n\t\t\t\t\t<\/div>\n\t\t<\/div>\n\t\t\t\t\t<\/div>\n\t\t<\/section>\n\t\t\t\t<section class=\"elementor-section elementor-top-section elementor-element elementor-element-679b68a elementor-section-boxed elementor-section-height-default elementor-section-height-default\" data-id=\"679b68a\" data-element_type=\"section\" data-e-type=\"section\">\n\t\t\t\t\t\t<div class=\"elementor-container elementor-column-gap-default\">\n\t\t\t\t\t<div class=\"elementor-column elementor-col-100 elementor-top-column elementor-element elementor-element-891f15c\" data-id=\"891f15c\" data-element_type=\"column\" data-e-type=\"column\">\n\t\t\t<div class=\"elementor-widget-wrap elementor-element-populated\">\n\t\t\t\t\t\t<div class=\"elementor-element elementor-element-e75a101 elementor-widget elementor-widget-menu-anchor\" data-id=\"e75a101\" data-element_type=\"widget\" data-e-type=\"widget\" data-widget_type=\"menu-anchor.default\">\n\t\t\t\t<div class=\"elementor-widget-container\">\n\t\t\t\t\t\t\t<div class=\"elementor-menu-anchor\" id=\"alku\"><\/div>\n\t\t\t\t\t\t<\/div>\n\t\t\t\t<\/div>\n\t\t\t\t<div class=\"elementor-element elementor-element-fd6e1af elementor-widget elementor-widget-heading\" data-id=\"fd6e1af\" data-element_type=\"widget\" data-e-type=\"widget\" data-widget_type=\"heading.default\">\n\t\t\t\t<div class=\"elementor-widget-container\">\n\t\t\t\t\t<h3 class=\"elementor-heading-title elementor-size-default\">Tara \u00e4r en konkurrenskraftig finl\u00e4ndsk leverant\u00f6r av betongelement.<\/h3>\t\t\t\t<\/div>\n\t\t\t\t<\/div>\n\t\t\t\t<div class=\"elementor-element elementor-element-40c19c5 elementor-widget elementor-widget-text-editor\" data-id=\"40c19c5\" data-element_type=\"widget\" data-e-type=\"widget\" data-widget_type=\"text-editor.default\">\n\t\t\t\t<div class=\"elementor-widget-container\">\n\t\t\t\t\t\t\t\t\t<p class=\"has-text-align-center\">Tara-Element grundades 1973 och har sedan dess v\u00e4xt till en betydande akt\u00f6r inom betongelementbranschen. Idag \u00e4gs f\u00f6retaget av fem privatpersoner fr\u00e5n Karlebynejden. F\u00f6retagets m\u00e5ls\u00e4ttning \u00e4r att vara en p\u00e5litlig samarbetspartner som levererar produkter och tj\u00e4nster av h\u00f6g kvalit\u00e9t. V\u00e5ra kunder \u00e4r byggf\u00f6retag, industrin, jordbrukssektorn, privatpersoner och offentliga akt\u00f6rer.<\/p><p class=\"has-text-align-center\">Eftersom prefabricerade element och betongstommar fortfarande till stor del handarbete, s\u00e5 v\u00e4rdes\u00e4tter vi en kunnig och v\u00e4lm\u00e5ende personal.<\/p>\t\t\t\t\t\t\t\t<\/div>\n\t\t\t\t<\/div>\n\t\t\t\t\t<\/div>\n\t\t<\/div>\n\t\t\t\t\t<\/div>\n\t\t<\/section>\n\t\t\t\t<section class=\"elementor-section elementor-top-section elementor-element elementor-element-ec57b11 elementor-section-boxed elementor-section-height-default elementor-section-height-default\" data-id=\"ec57b11\" data-element_type=\"section\" data-e-type=\"section\">\n\t\t\t\t\t\t<div class=\"elementor-container elementor-column-gap-default\">\n\t\t\t\t\t<div class=\"elementor-column elementor-col-100 elementor-top-column elementor-element elementor-element-2fc8b90\" data-id=\"2fc8b90\" data-element_type=\"column\" data-e-type=\"column\">\n\t\t\t<div class=\"elementor-widget-wrap elementor-element-populated\">\n\t\t\t\t\t\t<div class=\"elementor-element elementor-element-c7f68df elementor-widget elementor-widget-heading\" data-id=\"c7f68df\" data-element_type=\"widget\" data-e-type=\"widget\" data-widget_type=\"heading.default\">\n\t\t\t\t<div class=\"elementor-widget-container\">\n\t\t\t\t\t<h2 class=\"elementor-heading-title elementor-size-default\">STYRELSE<\/h2>\t\t\t\t<\/div>\n\t\t\t\t<\/div>\n\t\t\t\t<div class=\"elementor-element elementor-element-369a52d elementor-widget elementor-widget-text-editor\" data-id=\"369a52d\" data-element_type=\"widget\" data-e-type=\"widget\" data-widget_type=\"text-editor.default\">\n\t\t\t\t<div class=\"elementor-widget-container\">\n\t\t\t\t\t\t\t\t\t<p class=\"has-text-align-center\">Medlemmar av f\u00f6retagets styrelse:&nbsp;<\/p>\n<p class=\"has-text-align-center\">Karl-Johan Forsstr\u00f6m, ordf\u00f6rande<br>Hannu L\u00f6fbacka<br>Ensio Korkeasaari<br>Andr\u00e9 Forsstr\u00f6m<br>Jonathan Fr\u00f6jd\u00f6<\/p>\t\t\t\t\t\t\t\t<\/div>\n\t\t\t\t<\/div>\n\t\t\t\t\t<\/div>\n\t\t<\/div>\n\t\t\t\t\t<\/div>\n\t\t<\/section>\n\t\t\t\t<section class=\"elementor-section elementor-top-section elementor-element elementor-element-48e3e1c elementor-section-boxed elementor-section-height-default elementor-section-height-default\" data-id=\"48e3e1c\" data-element_type=\"section\" data-e-type=\"section\">\n\t\t\t\t\t\t<div class=\"elementor-container elementor-column-gap-default\">\n\t\t\t\t\t<div class=\"elementor-column elementor-col-100 elementor-top-column elementor-element elementor-element-33bb289\" data-id=\"33bb289\" data-element_type=\"column\" data-e-type=\"column\">\n\t\t\t<div class=\"elementor-widget-wrap elementor-element-populated\">\n\t\t\t\t\t\t<div class=\"elementor-element elementor-element-c0ac34d elementor-widget elementor-widget-spacer\" data-id=\"c0ac34d\" data-element_type=\"widget\" data-e-type=\"widget\" data-widget_type=\"spacer.default\">\n\t\t\t\t<div class=\"elementor-widget-container\">\n\t\t\t\t\t\t\t<div class=\"elementor-spacer\">\n\t\t\t<div class=\"elementor-spacer-inner\"><\/div>\n\t\t<\/div>\n\t\t\t\t\t\t<\/div>\n\t\t\t\t<\/div>\n\t\t\t\t\t<\/div>\n\t\t<\/div>\n\t\t\t\t\t<\/div>\n\t\t<\/section>\n\t\t\t\t<\/div>\n\t\t","protected":false},"excerpt":{"rendered":"<p>F\u00d6RETAGET Om f\u00f6retaget och styrelsen Tara \u00e4r en konkurrenskraftig finl\u00e4ndsk leverant\u00f6r av betongelement. Tara-Element grundades 1973 och har sedan dess v\u00e4xt till en betydande akt\u00f6r inom betongelementbranschen. Idag \u00e4gs f\u00f6retaget av fem privatpersoner fr\u00e5n Karlebynejden. F\u00f6retagets m\u00e5ls\u00e4ttning \u00e4r att vara en p\u00e5litlig samarbetspartner som levererar produkter och tj\u00e4nster av h\u00f6g kvalit\u00e9t. V\u00e5ra kunder \u00e4r byggf\u00f6retag, [&hellip;]<\/p>\n","protected":false},"author":9,"featured_media":0,"parent":0,"menu_order":0,"comment_status":"closed","ping_status":"closed","template":"","meta":{"footnotes":""},"class_list":["post-2581","page","type-page","status-publish","hentry"],"_links":{"self":[{"href":"https:\/\/tara.fi\/sv\/wp-json\/wp\/v2\/pages\/2581","targetHints":{"allow":["GET"]}}],"collection":[{"href":"https:\/\/tara.fi\/sv\/wp-json\/wp\/v2\/pages"}],"about":[{"href":"https:\/\/tara.fi\/sv\/wp-json\/wp\/v2\/types\/page"}],"author":[{"embeddable":true,"href":"https:\/\/tara.fi\/sv\/wp-json\/wp\/v2\/users\/9"}],"replies":[{"embeddable":true,"href":"https:\/\/tara.fi\/sv\/wp-json\/wp\/v2\/comments?post=2581"}],"version-history":[{"count":7,"href":"https:\/\/tara.fi\/sv\/wp-json\/wp\/v2\/pages\/2581\/revisions"}],"predecessor-version":[{"id":2709,"href":"https:\/\/tara.fi\/sv\/wp-json\/wp\/v2\/pages\/2581\/revisions\/2709"}],"wp:attachment":[{"href":"https:\/\/tara.fi\/sv\/wp-json\/wp\/v2\/media?parent=2581"}],"curies":[{"name":"wp","href":"https:\/\/api.w.org\/{rel}","templated":true}]}}