{"id":2562,"date":"2023-02-15T13:25:17","date_gmt":"2023-02-15T13:25:17","guid":{"rendered":"http:\/\/demo2.eaglemedia.fi\/?page_id=2562"},"modified":"2024-09-17T10:23:31","modified_gmt":"2024-09-17T10:23:31","slug":"kvalitet","status":"publish","type":"page","link":"https:\/\/tara.fi\/sv\/kvalitet\/","title":{"rendered":"Kvalitet"},"content":{"rendered":"\t\t<div data-elementor-type=\"wp-page\" data-elementor-id=\"2562\" class=\"elementor elementor-2562\" data-elementor-post-type=\"page\">\n\t\t\t\t\t\t<section class=\"elementor-section elementor-top-section elementor-element elementor-element-c7bfd6a elementor-section-boxed elementor-section-height-default elementor-section-height-default\" data-id=\"c7bfd6a\" data-element_type=\"section\" data-e-type=\"section\" data-settings=\"{&quot;background_background&quot;:&quot;classic&quot;}\">\n\t\t\t\t\t\t<div class=\"elementor-container elementor-column-gap-default\">\n\t\t\t\t\t<div class=\"elementor-column elementor-col-100 elementor-top-column elementor-element elementor-element-da7bf0a\" data-id=\"da7bf0a\" data-element_type=\"column\" data-e-type=\"column\">\n\t\t\t<div class=\"elementor-widget-wrap elementor-element-populated\">\n\t\t\t\t\t\t<div class=\"elementor-element elementor-element-b7ec6d5 elementor-widget elementor-widget-spacer\" data-id=\"b7ec6d5\" data-element_type=\"widget\" data-e-type=\"widget\" data-widget_type=\"spacer.default\">\n\t\t\t\t<div class=\"elementor-widget-container\">\n\t\t\t\t\t\t\t<div class=\"elementor-spacer\">\n\t\t\t<div class=\"elementor-spacer-inner\"><\/div>\n\t\t<\/div>\n\t\t\t\t\t\t<\/div>\n\t\t\t\t<\/div>\n\t\t\t\t<div class=\"elementor-element elementor-element-5c39ce6 elementor-widget elementor-widget-heading\" data-id=\"5c39ce6\" data-element_type=\"widget\" data-e-type=\"widget\" data-widget_type=\"heading.default\">\n\t\t\t\t<div class=\"elementor-widget-container\">\n\t\t\t\t\t<h2 class=\"elementor-heading-title elementor-size-default\">KVALITET<\/h2>\t\t\t\t<\/div>\n\t\t\t\t<\/div>\n\t\t\t\t<div class=\"elementor-element elementor-element-4b927d4 elementor-widget elementor-widget-heading\" data-id=\"4b927d4\" data-element_type=\"widget\" data-e-type=\"widget\" data-widget_type=\"heading.default\">\n\t\t\t\t<div class=\"elementor-widget-container\">\n\t\t\t\t\t<h2 class=\"elementor-heading-title elementor-size-default\">Kvalitetscertifikat<\/h2>\t\t\t\t<\/div>\n\t\t\t\t<\/div>\n\t\t\t\t<div class=\"elementor-element elementor-element-538ec08 elementor-view-default elementor-widget elementor-widget-icon\" data-id=\"538ec08\" data-element_type=\"widget\" data-e-type=\"widget\" data-widget_type=\"icon.default\">\n\t\t\t\t<div class=\"elementor-widget-container\">\n\t\t\t\t\t\t\t<div class=\"elementor-icon-wrapper\">\n\t\t\t<a class=\"elementor-icon\" href=\"#alku\">\n\t\t\t<i aria-hidden=\"true\" class=\"fas fa-arrow-down\"><\/i>\t\t\t<\/a>\n\t\t<\/div>\n\t\t\t\t\t\t<\/div>\n\t\t\t\t<\/div>\n\t\t\t\t<div class=\"elementor-element elementor-element-451b4eb elementor-widget elementor-widget-spacer\" data-id=\"451b4eb\" data-element_type=\"widget\" data-e-type=\"widget\" data-widget_type=\"spacer.default\">\n\t\t\t\t<div class=\"elementor-widget-container\">\n\t\t\t\t\t\t\t<div class=\"elementor-spacer\">\n\t\t\t<div class=\"elementor-spacer-inner\"><\/div>\n\t\t<\/div>\n\t\t\t\t\t\t<\/div>\n\t\t\t\t<\/div>\n\t\t\t\t\t<\/div>\n\t\t<\/div>\n\t\t\t\t\t<\/div>\n\t\t<\/section>\n\t\t\t\t<section class=\"elementor-section elementor-top-section elementor-element elementor-element-6d183bb elementor-section-boxed elementor-section-height-default elementor-section-height-default\" data-id=\"6d183bb\" data-element_type=\"section\" data-e-type=\"section\">\n\t\t\t\t\t\t<div class=\"elementor-container elementor-column-gap-default\">\n\t\t\t\t\t<div class=\"elementor-column elementor-col-100 elementor-top-column elementor-element elementor-element-7b28a1c\" data-id=\"7b28a1c\" data-element_type=\"column\" data-e-type=\"column\">\n\t\t\t<div class=\"elementor-widget-wrap elementor-element-populated\">\n\t\t\t\t\t\t<div class=\"elementor-element elementor-element-9dcc3a7 elementor-widget elementor-widget-menu-anchor\" data-id=\"9dcc3a7\" data-element_type=\"widget\" data-e-type=\"widget\" data-widget_type=\"menu-anchor.default\">\n\t\t\t\t<div class=\"elementor-widget-container\">\n\t\t\t\t\t\t\t<div class=\"elementor-menu-anchor\" id=\"alku\"><\/div>\n\t\t\t\t\t\t<\/div>\n\t\t\t\t<\/div>\n\t\t\t\t<div class=\"elementor-element elementor-element-1c6d7f4 elementor-widget elementor-widget-heading\" data-id=\"1c6d7f4\" data-element_type=\"widget\" data-e-type=\"widget\" data-widget_type=\"heading.default\">\n\t\t\t\t<div class=\"elementor-widget-container\">\n\t\t\t\t\t<h2 class=\"elementor-heading-title elementor-size-default\">KVALITETSS\u00c4KRING<\/h2>\t\t\t\t<\/div>\n\t\t\t\t<\/div>\n\t\t\t\t<div class=\"elementor-element elementor-element-00d1472 elementor-widget elementor-widget-text-editor\" data-id=\"00d1472\" data-element_type=\"widget\" data-e-type=\"widget\" data-widget_type=\"text-editor.default\">\n\t\t\t\t<div class=\"elementor-widget-container\">\n\t\t\t\t\t\t\t\t\t<p class=\"has-text-align-center\">Kvaliteten \u00e4r ingen tillf\u00e4llighet. Alla har ansvar f\u00f6r det egna arbetet.<\/p><p class=\"has-text-align-center\">V\u00e5r verksamhet och produktion \u00f6vervakas av Kiwa Inspecta i och med att v\u00e5ra produkter \u00e4r CE-m\u00e4rkta. Vi har \u00e4ven ett eget kvalitetssystem, ISO 9001, som bevis p\u00e5 att vi f\u00f6ljer \u00f6verenskomna processer och arbetss\u00e4tt. Kiwas inspekt\u00f6rer bes\u00f6ker v\u00e5r produktionsenhet flera g\u00e5nger i \u00e5ret, och f\u00f6rutom att de formellt ser till att vi uppfyller de strikta kvalitetskraven s\u00e5 ger de oss goda r\u00e5d om hur vi kan utveckla oss.<\/p><p class=\"has-text-align-center\">Kvaliteten \u00e4r ingen tillf\u00e4llighet. Alla har ansvar f\u00f6r det egna arbetet.<\/p>\t\t\t\t\t\t\t\t<\/div>\n\t\t\t\t<\/div>\n\t\t\t\t\t<\/div>\n\t\t<\/div>\n\t\t\t\t\t<\/div>\n\t\t<\/section>\n\t\t\t\t<section class=\"elementor-section elementor-top-section elementor-element elementor-element-a39c079 elementor-section-boxed elementor-section-height-default elementor-section-height-default\" data-id=\"a39c079\" data-element_type=\"section\" data-e-type=\"section\" data-settings=\"{&quot;background_background&quot;:&quot;classic&quot;}\">\n\t\t\t\t\t\t<div class=\"elementor-container elementor-column-gap-default\">\n\t\t\t\t\t<div class=\"elementor-column elementor-col-100 elementor-top-column elementor-element elementor-element-a2a1fe6\" data-id=\"a2a1fe6\" data-element_type=\"column\" data-e-type=\"column\">\n\t\t\t<div class=\"elementor-widget-wrap elementor-element-populated\">\n\t\t\t\t\t\t<div class=\"elementor-element elementor-element-e04e4fc elementor-widget elementor-widget-spacer\" data-id=\"e04e4fc\" data-element_type=\"widget\" data-e-type=\"widget\" data-widget_type=\"spacer.default\">\n\t\t\t\t<div class=\"elementor-widget-container\">\n\t\t\t\t\t\t\t<div class=\"elementor-spacer\">\n\t\t\t<div class=\"elementor-spacer-inner\"><\/div>\n\t\t<\/div>\n\t\t\t\t\t\t<\/div>\n\t\t\t\t<\/div>\n\t\t\t\t\t<\/div>\n\t\t<\/div>\n\t\t\t\t\t<\/div>\n\t\t<\/section>\n\t\t\t\t<section class=\"elementor-section elementor-top-section elementor-element elementor-element-d449673 elementor-section-boxed elementor-section-height-default elementor-section-height-default\" data-id=\"d449673\" data-element_type=\"section\" data-e-type=\"section\">\n\t\t\t\t\t\t<div class=\"elementor-container elementor-column-gap-default\">\n\t\t\t\t\t<div class=\"elementor-column elementor-col-100 elementor-top-column elementor-element elementor-element-aedd5e0\" data-id=\"aedd5e0\" data-element_type=\"column\" data-e-type=\"column\">\n\t\t\t<div class=\"elementor-widget-wrap elementor-element-populated\">\n\t\t\t\t\t\t<div class=\"elementor-element elementor-element-b0e8599 elementor-widget elementor-widget-heading\" data-id=\"b0e8599\" data-element_type=\"widget\" data-e-type=\"widget\" data-widget_type=\"heading.default\">\n\t\t\t\t<div class=\"elementor-widget-container\">\n\t\t\t\t\t<h2 class=\"elementor-heading-title elementor-size-default\">KVALITETSCERTIFIKAT<\/h2>\t\t\t\t<\/div>\n\t\t\t\t<\/div>\n\t\t\t\t<div class=\"elementor-element elementor-element-9d3bf70 elementor-widget elementor-widget-text-editor\" data-id=\"9d3bf70\" data-element_type=\"widget\" data-e-type=\"widget\" data-widget_type=\"text-editor.default\">\n\t\t\t\t<div class=\"elementor-widget-container\">\n\t\t\t\t\t\t\t\t\t<p>V\u00e5r verksamhet har ISO 9001 kvalitetscertifikat och produkterna \u00e4r CE-m\u00e4rkta. Vi utvecklar v\u00e5r verksamhet tillsammans med v\u00e5ra kunder och samarbetspartners.<\/p>\t\t\t\t\t\t\t\t<\/div>\n\t\t\t\t<\/div>\n\t\t\t\t<section class=\"elementor-section elementor-inner-section elementor-element elementor-element-87f8829 docs elementor-section-boxed elementor-section-height-default elementor-section-height-default\" data-id=\"87f8829\" data-element_type=\"section\" data-e-type=\"section\">\n\t\t\t\t\t\t<div class=\"elementor-container elementor-column-gap-default\">\n\t\t\t\t\t<div class=\"elementor-column elementor-col-50 elementor-inner-column elementor-element elementor-element-3afbf39\" data-id=\"3afbf39\" data-element_type=\"column\" data-e-type=\"column\">\n\t\t\t<div class=\"elementor-widget-wrap elementor-element-populated\">\n\t\t\t\t\t\t<div class=\"elementor-element elementor-element-f239580 readmore elementor-widget elementor-widget-heading\" data-id=\"f239580\" data-element_type=\"widget\" data-e-type=\"widget\" data-widget_type=\"heading.default\">\n\t\t\t\t<div class=\"elementor-widget-container\">\n\t\t\t\t\t<h3 class=\"elementor-heading-title elementor-size-default\">DOP-INTYG<\/h3>\t\t\t\t<\/div>\n\t\t\t\t<\/div>\n\t\t\t\t<div class=\"elementor-element elementor-element-0b0adb9 elementor-widget elementor-widget-text-editor\" data-id=\"0b0adb9\" data-element_type=\"widget\" data-e-type=\"widget\" data-widget_type=\"text-editor.default\">\n\t\t\t\t<div class=\"elementor-widget-container\">\n\t\t\t\t\t\t\t\t\t<div class=\"wp-block-uagb-icon-list-child uagb-icon-list-repeater uagb-icon-list__wrapper uagb-block-41a1ff46\"><div class=\"uagb-icon-list__content-wrap\"><ul><li><a href=\"https:\/\/tara.fi\/wp-content\/uploads\/2021\/01\/Dop-Tukimuurit.pdf\" target=\"_blank\" rel=\"noopener\"><span class=\"uagb-icon-list__label\">DoP Tukimuurit<\/span><\/a><\/li><li><a href=\"https:\/\/tara.fi\/wp-content\/uploads\/2021\/01\/DoP-Seinaelementit.pdf\" target=\"_blank\" rel=\"noopener\">DoP Sein\u00e4elementit<\/a><\/li><li><a href=\"https:\/\/tara.fi\/wp-content\/uploads\/2021\/01\/DoP-Pilari-ja-palkkielementit.pdf\" target=\"_blank\" rel=\"noopener\">DoP Pilari- ja palkkielementit<\/a><\/li><li><a href=\"https:\/\/tara.fi\/wp-content\/uploads\/2021\/01\/DoP-Perustuselementit.pdf\" target=\"_blank\" rel=\"noopener\">DoP Perustuselementit<\/a><\/li><li><a href=\"https:\/\/tara.fi\/wp-content\/uploads\/2021\/01\/DoP-Kuorilaatta.pdf\" target=\"_blank\" rel=\"noopener\">DoP Kuorilaatta<\/a><\/li><\/ul><\/div><\/div>\t\t\t\t\t\t\t\t<\/div>\n\t\t\t\t<\/div>\n\t\t\t\t\t<\/div>\n\t\t<\/div>\n\t\t\t\t<div class=\"elementor-column elementor-col-50 elementor-inner-column elementor-element elementor-element-f24a507\" data-id=\"f24a507\" data-element_type=\"column\" data-e-type=\"column\">\n\t\t\t<div class=\"elementor-widget-wrap elementor-element-populated\">\n\t\t\t\t\t\t<div class=\"elementor-element elementor-element-e041177 readmore elementor-widget elementor-widget-heading\" data-id=\"e041177\" data-element_type=\"widget\" data-e-type=\"widget\" data-widget_type=\"heading.default\">\n\t\t\t\t<div class=\"elementor-widget-container\">\n\t\t\t\t\t<h3 class=\"elementor-heading-title elementor-size-default\">Kvalitetscertifikat<\/h3>\t\t\t\t<\/div>\n\t\t\t\t<\/div>\n\t\t\t\t<div class=\"elementor-element elementor-element-7405dbd elementor-widget elementor-widget-text-editor\" data-id=\"7405dbd\" data-element_type=\"widget\" data-e-type=\"widget\" data-widget_type=\"text-editor.default\">\n\t\t\t\t<div class=\"elementor-widget-container\">\n\t\t\t\t\t\t\t\t\t<ul><li><a href=\"https:\/\/tara.fi\/wp-content\/uploads\/2021\/03\/CE-varmennustodistus.pdf\">CE-kontrollintyg<\/a><\/li><li><a href=\"https:\/\/tara.fi\/wp-content\/uploads\/2021\/03\/FI-Varmennustodistus-2020.pdf\">FI-kontrollintyg<\/a><\/li><li><a href=\"https:\/\/tara.fi\/wp-content\/uploads\/2021\/01\/2474-08fi.pdf\" target=\"_blank\" rel=\"noopener\">Kvalitetscertifikat ISO 9001<\/a><\/li><\/ul>\t\t\t\t\t\t\t\t<\/div>\n\t\t\t\t<\/div>\n\t\t\t\t\t<\/div>\n\t\t<\/div>\n\t\t\t\t\t<\/div>\n\t\t<\/section>\n\t\t\t\t\t<\/div>\n\t\t<\/div>\n\t\t\t\t\t<\/div>\n\t\t<\/section>\n\t\t\t\t<section class=\"elementor-section elementor-top-section elementor-element elementor-element-0740f2a elementor-section-boxed elementor-section-height-default elementor-section-height-default\" data-id=\"0740f2a\" data-element_type=\"section\" data-e-type=\"section\">\n\t\t\t\t\t\t<div class=\"elementor-container elementor-column-gap-default\">\n\t\t\t\t\t<div class=\"elementor-column elementor-col-100 elementor-top-column elementor-element elementor-element-ec8e124\" data-id=\"ec8e124\" data-element_type=\"column\" data-e-type=\"column\">\n\t\t\t<div class=\"elementor-widget-wrap elementor-element-populated\">\n\t\t\t\t\t\t<div class=\"elementor-element elementor-element-95f4b0f readmore elementor-widget elementor-widget-heading\" data-id=\"95f4b0f\" data-element_type=\"widget\" data-e-type=\"widget\" data-widget_type=\"heading.default\">\n\t\t\t\t<div class=\"elementor-widget-container\">\n\t\t\t\t\t<h2 class=\"elementor-heading-title elementor-size-default\"><a href=\"https:\/\/tara.fi\/yhteystiedot\/\">Kontakt<\/a><\/h2>\t\t\t\t<\/div>\n\t\t\t\t<\/div>\n\t\t\t\t\t<\/div>\n\t\t<\/div>\n\t\t\t\t\t<\/div>\n\t\t<\/section>\n\t\t\t\t<\/div>\n\t\t","protected":false},"excerpt":{"rendered":"<p>KVALITET Kvalitetscertifikat KVALITETSS\u00c4KRING Kvaliteten \u00e4r ingen tillf\u00e4llighet. Alla har ansvar f\u00f6r det egna arbetet. V\u00e5r verksamhet och produktion \u00f6vervakas av Kiwa Inspecta i och med att v\u00e5ra produkter \u00e4r CE-m\u00e4rkta. Vi har \u00e4ven ett eget kvalitetssystem, ISO 9001, som bevis p\u00e5 att vi f\u00f6ljer \u00f6verenskomna processer och arbetss\u00e4tt. Kiwas inspekt\u00f6rer bes\u00f6ker v\u00e5r produktionsenhet flera g\u00e5nger [&hellip;]<\/p>\n","protected":false},"author":9,"featured_media":0,"parent":0,"menu_order":0,"comment_status":"closed","ping_status":"closed","template":"","meta":{"footnotes":""},"class_list":["post-2562","page","type-page","status-publish","hentry"],"_links":{"self":[{"href":"https:\/\/tara.fi\/sv\/wp-json\/wp\/v2\/pages\/2562","targetHints":{"allow":["GET"]}}],"collection":[{"href":"https:\/\/tara.fi\/sv\/wp-json\/wp\/v2\/pages"}],"about":[{"href":"https:\/\/tara.fi\/sv\/wp-json\/wp\/v2\/types\/page"}],"author":[{"embeddable":true,"href":"https:\/\/tara.fi\/sv\/wp-json\/wp\/v2\/users\/9"}],"replies":[{"embeddable":true,"href":"https:\/\/tara.fi\/sv\/wp-json\/wp\/v2\/comments?post=2562"}],"version-history":[{"count":12,"href":"https:\/\/tara.fi\/sv\/wp-json\/wp\/v2\/pages\/2562\/revisions"}],"predecessor-version":[{"id":2740,"href":"https:\/\/tara.fi\/sv\/wp-json\/wp\/v2\/pages\/2562\/revisions\/2740"}],"wp:attachment":[{"href":"https:\/\/tara.fi\/sv\/wp-json\/wp\/v2\/media?parent=2562"}],"curies":[{"name":"wp","href":"https:\/\/api.w.org\/{rel}","templated":true}]}}